{"id":485,"date":"2020-12-26T20:07:23","date_gmt":"2020-12-26T19:07:23","guid":{"rendered":"https:\/\/roncal-erronkari.es\/roncaleses-ilustres-famosos\/"},"modified":"2021-02-11T16:23:44","modified_gmt":"2021-02-11T15:23:44","slug":"roncaleses-ilustres-famosos","status":"publish","type":"page","link":"https:\/\/roncal-erronkari.es\/eu\/roncaleses-ilustres-famosos\/","title":{"rendered":"qu\u00e9 Roncaleses ilustres"},"content":{"rendered":"<p>[et_pb_section fb_built=&#8221;1&#8243; admin_label=&#8221;cabecera&#8221; _builder_version=&#8221;4.7.7&#8243; use_background_color_gradient=&#8221;on&#8221; background_color_gradient_start=&#8221;rgba(255,255,255,0.89)&#8221; background_color_gradient_end=&#8221;rgba(255,255,255,0)&#8221; background_color_gradient_type=&#8221;radial&#8221; background_color_gradient_direction_radial=&#8221;top left&#8221; background_color_gradient_start_position=&#8221;30%&#8221; background_color_gradient_end_position=&#8221;80%&#8221; background_color_gradient_overlays_image=&#8221;on&#8221; background_image=&#8221;https:\/\/roncal-erronkari.es\/wp-content\/uploads\/2020\/12\/ayuntamiento-roncal.jpg&#8221; custom_padding=&#8221;12vw|0px|0|0px|false|false&#8221;][et_pb_row _builder_version=&#8221;3.25&#8243;][et_pb_column type=&#8221;4_4&#8243; _builder_version=&#8221;3.25&#8243; custom_padding=&#8221;|||&#8221; custom_padding__hover=&#8221;|||&#8221;][et_pb_text admin_label=&#8221;titular&#8221; _builder_version=&#8221;4.7.7&#8243; text_font=&#8221;||||||||&#8221; header_font=&#8221;Raleway|700|||||||&#8221; header_font_size=&#8221;80px&#8221; header_line_height=&#8221;1.2em&#8221; header_5_font=&#8221;Raleway|700||on|||||&#8221; header_5_text_color=&#8221;#000000&#8243; header_5_font_size=&#8221;20px&#8221; header_5_letter_spacing=&#8221;0.5em&#8221; header_5_line_height=&#8221;1.8em&#8221; animation_style=&#8221;zoom&#8221; animation_intensity_zoom=&#8221;5%&#8221; hover_enabled=&#8221;0&#8243; header_font_size_tablet=&#8221;48px&#8221; header_font_size_phone=&#8221;32px&#8221; header_font_size_last_edited=&#8221;on|phone&#8221; header_5_font_size_tablet=&#8221;14px&#8221; header_5_font_size_phone=&#8221;12px&#8221; header_5_font_size_last_edited=&#8221;on|desktop&#8221; sticky_enabled=&#8221;0&#8243;]<\/p>\n<h1>Erronkariar <br \/>ospetsuak<\/h1>\n<p>[\/et_pb_text][\/et_pb_column][\/et_pb_row][\/et_pb_section][et_pb_section fb_built=&#8221;1&#8243; admin_label=&#8221;Sebasti\u00e1n Juli\u00e1n Gayarre Garj\u00f3n&#8221; _builder_version=&#8221;4.7.7&#8243;][et_pb_row column_structure=&#8221;1_2,1_2&#8243; custom_padding_last_edited=&#8221;off|desktop&#8221; _builder_version=&#8221;3.25&#8243; custom_padding=&#8221;27px|0px|0|0px|false|false&#8221; custom_padding_tablet=&#8221;|0px||0px||true&#8221;][et_pb_column type=&#8221;1_2&#8243; _builder_version=&#8221;3.25&#8243; custom_padding=&#8221;|||&#8221; custom_padding__hover=&#8221;|||&#8221;][et_pb_image src=&#8221;https:\/\/roncal-erronkari.es\/wp-content\/uploads\/2020\/12\/julian-gayarre.jpg&#8221; title_text=&#8221;julian-gayarre&#8221; force_fullwidth=&#8221;on&#8221; align_tablet=&#8221;center&#8221; align_phone=&#8221;&#8221; align_last_edited=&#8221;on|desktop&#8221; _builder_version=&#8221;4.7.7&#8243; custom_margin_tablet=&#8221;||0px|&#8221; locked=&#8221;off&#8221;][\/et_pb_image][\/et_pb_column][et_pb_column type=&#8221;1_2&#8243; _builder_version=&#8221;3.25&#8243; custom_padding=&#8221;|||&#8221; custom_padding__hover=&#8221;|||&#8221;][et_pb_text _builder_version=&#8221;4.7.7&#8243; text_font=&#8221;||||||||&#8221; text_font_size=&#8221;16px&#8221; text_line_height=&#8221;2em&#8221; header_font=&#8221;||||||||&#8221; header_2_font=&#8221;Raleway|700|||||||&#8221; header_2_font_size=&#8221;50px&#8221; header_2_line_height=&#8221;1.4em&#8221; header_6_font=&#8221;Raleway|700||on|||||&#8221; header_6_font_size=&#8221;16px&#8221; header_6_letter_spacing=&#8221;5px&#8221; header_6_line_height=&#8221;1.8em&#8221; max_width=&#8221;700px&#8221; module_alignment=&#8221;center&#8221; header_2_font_size_tablet=&#8221;35px&#8221; header_2_font_size_phone=&#8221;25px&#8221; header_2_font_size_last_edited=&#8221;on|phone&#8221; locked=&#8221;off&#8221;]<\/p>\n<h5>Sebastian Julian Gaiarre Garjon<\/h5>\n<p><em>(Erronkari, 1844 &#8211; Madril, 1890)<\/em><br \/>Julian Gaiarre, Erronkariko seme kutuna eta ibarreko gizonik entzutetsuena, izen handiko tenorea izan zen.<br \/>Erronkarin jaio zen 1844an, nekazari familia xume batean. Txikitan artzain ibili ondoren, jaioterritik atera zen lan bila, Irunberrira lehenik eta Iru\u00f1era ondoren, Iru\u00f1eko Orfeoiarekin harremanetan jarriz.<br \/>Madrilen eta Milanen kantua ikasi eta gero, ibilbide bikaina egin zuen. Bere une gorena 1876ko urtarrilaren 2an iritsi zen, bere opera kutuna, \u201cLa Favorita\u201d, Milango Scalan &#8211; kantuaren antzoki ospetsuena zena &#8211; interpretatu zuenean. Erronkariko divoak sekulako arrakasta lortu zuen inoizko entzule zorrotzenen aurrean. Ordutik aurrera, bere ospea zabaltzen joan zen garaiko munduko tenorerik onentzat hartzeraino. Europa eta Amerikako antzoki ezagunenetan abestu zuen, eta guztietan arrakasta lortu: Mosku, Viena, Milan, Buenos Aires, Londres, Madril, Erroman, Montecarlo, Lisboa\u2026 Eta bere garaiko konpositore onenen operak estreinatu zituen, Wagner edo Donizetirenak esaterako.<br \/>Hala ere, Gaiarre ez zen inoiz bere jaioterriaz ahaztu; bertan udak igaro ohi zituen. Herrian hainbat eraikin eraiki zituen (pilotalekua, eskola) eta Nabarzato ermita zaharberritzeko lanetan lagundu zuen.<br \/>1889ko abenduaren 8an bere ahotsa itzali zen Madrilen ematen ari zen kontzertu batean, eta 1890eko urtarrilaren 2an hil zen. Handik laster, bere gorpua Erronkariko hilerrian ehortzi zuten, segizio jendetsu eta sutsua lagun.<\/p>\n<p>[\/et_pb_text][\/et_pb_column][\/et_pb_row][\/et_pb_section][et_pb_section fb_built=&#8221;1&#8243; admin_label=&#8221;Pedro Vicente Gambra&#8221; _builder_version=&#8221;4.7.7&#8243;][et_pb_row column_structure=&#8221;1_2,1_2&#8243; custom_padding_last_edited=&#8221;off|desktop&#8221; _builder_version=&#8221;3.25&#8243; custom_padding=&#8221;27px|0px|0|0px|false|false&#8221; custom_padding_tablet=&#8221;|0px||0px||true&#8221;][et_pb_column type=&#8221;1_2&#8243; _builder_version=&#8221;3.25&#8243; custom_padding=&#8221;|||&#8221; custom_padding__hover=&#8221;|||&#8221;][et_pb_image src=&#8221;https:\/\/roncal-erronkari.es\/wp-content\/uploads\/2020\/12\/Pedro-Vicente-Gambra.jpg&#8221; title_text=&#8221;Pedro-Vicente-Gambra&#8221; force_fullwidth=&#8221;on&#8221; align_tablet=&#8221;center&#8221; align_phone=&#8221;&#8221; align_last_edited=&#8221;on|desktop&#8221; _builder_version=&#8221;4.7.7&#8243; custom_margin_tablet=&#8221;||0px|&#8221; locked=&#8221;off&#8221;][\/et_pb_image][\/et_pb_column][et_pb_column type=&#8221;1_2&#8243; _builder_version=&#8221;3.25&#8243; custom_padding=&#8221;|||&#8221; custom_padding__hover=&#8221;|||&#8221;][et_pb_text _builder_version=&#8221;4.7.7&#8243; text_font=&#8221;||||||||&#8221; text_font_size=&#8221;16px&#8221; text_line_height=&#8221;2em&#8221; header_font=&#8221;||||||||&#8221; header_2_font=&#8221;Raleway|700|||||||&#8221; header_2_font_size=&#8221;50px&#8221; header_2_line_height=&#8221;1.4em&#8221; header_6_font=&#8221;Raleway|700||on|||||&#8221; header_6_font_size=&#8221;16px&#8221; header_6_letter_spacing=&#8221;5px&#8221; header_6_line_height=&#8221;1.8em&#8221; max_width=&#8221;700px&#8221; module_alignment=&#8221;center&#8221; header_2_font_size_tablet=&#8221;35px&#8221; header_2_font_size_phone=&#8221;25px&#8221; header_2_font_size_last_edited=&#8221;on|phone&#8221; locked=&#8221;off&#8221;]<\/p>\n<h5>Pedro Vicente Ganbra<\/h5>\n<p><em>(Erronkari, 1749-1820)<\/em><br \/>Abeltzaina eta eskala handiko baso-ustiapenen aitzindaria ibarrean. Ibarreko kapitaina izan zen frantsesen aurkako Konbentzio Gerran, 1793an, eta Erronkaribarko eta inguruko ibarretako gudarosteak gidatu eta Frantziako armada Izaban sartzea eragotzi zuen.<br \/>Independentzia Gerran (1808-1814), Frantziako armadaren inbasioak kalte larria ekarri zien Ganbra familiaren interes ekonomikoei, ibarraren kapitulazioaren ondoren bere ondasunak (abelburuak eta egurra) etsaien hornikuntzaren zerbitzura geratu baitziren.<\/p>\n<p>[\/et_pb_text][\/et_pb_column][\/et_pb_row][\/et_pb_section][et_pb_section fb_built=&#8221;1&#8243; admin_label=&#8221;Fructuoso Orduna Lafuente&#8221; _builder_version=&#8221;4.7.7&#8243;][et_pb_row column_structure=&#8221;1_2,1_2&#8243; custom_padding_last_edited=&#8221;off|desktop&#8221; _builder_version=&#8221;3.25&#8243; custom_padding=&#8221;27px|0px|0|0px|false|false&#8221; custom_padding_tablet=&#8221;|0px||0px||true&#8221;][et_pb_column type=&#8221;1_2&#8243; _builder_version=&#8221;3.25&#8243; custom_padding=&#8221;|||&#8221; custom_padding__hover=&#8221;|||&#8221;][et_pb_image src=&#8221;https:\/\/roncal-erronkari.es\/wp-content\/uploads\/2020\/12\/Fructuoso-Orduna-Lafuente.jpg&#8221; title_text=&#8221;Fructuoso Orduna Lafuente&#8221; force_fullwidth=&#8221;on&#8221; align_tablet=&#8221;center&#8221; align_phone=&#8221;&#8221; align_last_edited=&#8221;on|desktop&#8221; _builder_version=&#8221;4.7.7&#8243; custom_margin_tablet=&#8221;||0px|&#8221; locked=&#8221;off&#8221;][\/et_pb_image][\/et_pb_column][et_pb_column type=&#8221;1_2&#8243; _builder_version=&#8221;3.25&#8243; custom_padding=&#8221;|||&#8221; custom_padding__hover=&#8221;|||&#8221;][et_pb_text _builder_version=&#8221;4.7.7&#8243; text_font=&#8221;||||||||&#8221; text_font_size=&#8221;16px&#8221; text_line_height=&#8221;2em&#8221; header_font=&#8221;||||||||&#8221; header_2_font=&#8221;Raleway|700|||||||&#8221; header_2_font_size=&#8221;50px&#8221; header_2_line_height=&#8221;1.4em&#8221; header_6_font=&#8221;Raleway|700||on|||||&#8221; header_6_font_size=&#8221;16px&#8221; header_6_letter_spacing=&#8221;5px&#8221; header_6_line_height=&#8221;1.8em&#8221; max_width=&#8221;700px&#8221; module_alignment=&#8221;center&#8221; header_2_font_size_tablet=&#8221;35px&#8221; header_2_font_size_phone=&#8221;25px&#8221; header_2_font_size_last_edited=&#8221;on|phone&#8221; locked=&#8221;off&#8221;]<\/p>\n<h5>Fructuoso Orduna Lafuente<\/h5>\n<p><em>(Erronkari, 1893 &#8211; Madril, 1973)\u2028<\/em><br \/>Erronkarin jaio zen 1893ko urtarrilaren 23an. Txikitatik eskuekin lan egiteko zuen trebetasunagatik nabarmendu zen; horregatik, 1906an Zaragozara joan zen ikastera, marmol fabrika batean lehenik eta Dionisio Lasuen eskultorearen tailerrean ondoren.<br \/>Zaragozan Arte Industrialen Oinarrizko Eskolan eta Goi Eskolan ikasi zuen, eta 21 urte zituela Madrilera joan zen ikasten jarraitzeko. Bertan, Mariano Benlliure artistaren tailerrean lanean ari zen bitartean, Arte eta Lanbide Eskolan ikasi zuen. 1917tik aurrera ibilbide zoragarri bati ekin zion: Nafarroako Foru Diputazioaren zenbait beka eta Arte Ederren Nazioarteko III. Erakustaldian (1920) eta Arte Ederren Nazioarteko Erakusketan (1921) sariak lortu zituen. Azken honek ospe handia eman zion eta Espainiako eta Amerikako XX. mendeko eskultorerik onenetariko bat jo zen.<br \/>Madrilgo Arte Ederren Elkarteko ohorezko kide izendatu zuten, eta 1962an San Fernandoko Arte Ederren Akademiako kide bihurtu zen.<br \/>Ordunak egindako 125etik gora artelanetatik nabarmentzekoak dira Iru\u00f1eko La Taconera parkean dagoen Gaiarreren omenezko monumentua, Diputazioaren eraikinaren fatxadako eskultura multzoa eta Alfonso XIII. erregeren omenez Madrilen dagoen monumentua. Erronkarin Julian Gaiarreren brontzezko bustoa dago, 1953an herriko pilotalekuan inauguratu zena eta 2007az geroztik Museo-etxeko lorategian dagoena.<\/p>\n<p>[\/et_pb_text][\/et_pb_column][\/et_pb_row][\/et_pb_section][et_pb_section fb_built=&#8221;1&#8243; admin_label=&#8221;Sebasti\u00e1n de Albero&#8221; _builder_version=&#8221;4.7.7&#8243;][et_pb_row column_structure=&#8221;1_2,1_2&#8243; custom_padding_last_edited=&#8221;off|desktop&#8221; _builder_version=&#8221;3.25&#8243; custom_padding=&#8221;27px|0px|0|0px|false|false&#8221; custom_padding_tablet=&#8221;|0px||0px||true&#8221;][et_pb_column type=&#8221;1_2&#8243; _builder_version=&#8221;3.25&#8243; custom_padding=&#8221;|||&#8221; custom_padding__hover=&#8221;|||&#8221;][et_pb_image src=&#8221;https:\/\/roncal-erronkari.es\/wp-content\/uploads\/2020\/12\/Sebastian_Albero.jpg&#8221; title_text=&#8221;Sebastian_Albero&#8221; force_fullwidth=&#8221;on&#8221; align_tablet=&#8221;center&#8221; align_phone=&#8221;&#8221; align_last_edited=&#8221;on|desktop&#8221; _builder_version=&#8221;4.7.7&#8243; custom_margin_tablet=&#8221;||0px|&#8221; locked=&#8221;off&#8221;][\/et_pb_image][\/et_pb_column][et_pb_column type=&#8221;1_2&#8243; _builder_version=&#8221;3.25&#8243; custom_padding=&#8221;|||&#8221; custom_padding__hover=&#8221;|||&#8221;][et_pb_text _builder_version=&#8221;4.7.7&#8243; text_font=&#8221;||||||||&#8221; text_font_size=&#8221;16px&#8221; text_line_height=&#8221;2em&#8221; header_font=&#8221;||||||||&#8221; header_2_font=&#8221;Raleway|700|||||||&#8221; header_2_font_size=&#8221;50px&#8221; header_2_line_height=&#8221;1.4em&#8221; header_6_font=&#8221;Raleway|700||on|||||&#8221; header_6_font_size=&#8221;16px&#8221; header_6_letter_spacing=&#8221;5px&#8221; header_6_line_height=&#8221;1.8em&#8221; max_width=&#8221;700px&#8221; module_alignment=&#8221;center&#8221; header_2_font_size_tablet=&#8221;35px&#8221; header_2_font_size_phone=&#8221;25px&#8221; header_2_font_size_last_edited=&#8221;on|phone&#8221; locked=&#8221;off&#8221;]<\/p>\n<h5>Sebasti\u00e1n de Albero<\/h5>\n<p><em>(Erronkari, 1722 &#8211; Madril, 1756)<\/em><br \/>Klabezin-jotzailea, Madrilgo Errege Kaperako lehen organo-jotzailea 1748 eta 1756 artean eta Fernando VI. erregeren ganbera-musikaria. 1734an Iru\u00f1eko Katedraleko haurren abesbatzan sartu zen, jada adinean aurrera zihoala, eta bertan egon zen 1739ra arte, katedraleko kapera-maisu Miguel Vallsekin eta bere ondorengo Andres de Escareguirekin bere ezagutzak handituz eta teklarako musikaren eta konposizioaren ikasketetan sakonduz.<br \/>Berak konposatutako klaberako hogeita hamar sonata kontserbatzen dira; horiek, teklarako hiruko lan batzuekin batera (recercata, fuga eta sonata), 1978an argitaratu ziren, Madrilen. <\/p>\n<p>[\/et_pb_text][\/et_pb_column][\/et_pb_row][\/et_pb_section]<\/p>\n","protected":false},"excerpt":{"rendered":"<p>Erronkariar ospetsuak Sebastian Julian Gaiarre Garjon (Erronkari, 1844 &#8211; Madril, 1890)Julian Gaiarre, Erronkariko seme kutuna eta ibarreko gizonik entzutetsuena, izen handiko tenorea izan zen.Erronkarin jaio zen 1844an, nekazari familia xume batean. Txikitan artzain ibili ondoren, jaioterritik atera zen lan bila, Irunberrira lehenik eta Iru\u00f1era ondoren, Iru\u00f1eko Orfeoiarekin harremanetan jarriz.Madrilen eta Milanen kantua ikasi eta gero, [&hellip;]<\/p>\n","protected":false},"author":1,"featured_media":0,"parent":0,"menu_order":0,"comment_status":"closed","ping_status":"closed","template":"page-template-fullwidth.php","meta":{"_et_pb_use_builder":"on","_et_pb_old_content":"<!-- wp:paragraph -->\r\n<p>Esta es una p\u00e1gina de ejemplo. Es diferente a una entrada del blog porque permanecer\u00e1 en un solo lugar y aparecer\u00e1 en la navegaci\u00f3n de tu sitio (en la mayor\u00eda de los temas). La mayor\u00eda de las personas comienzan con una p\u00e1gina \u00abAcerca de\u00bb que les presenta a los visitantes potenciales del sitio. Podr\u00edas decir algo as\u00ed:<\/p>\r\n<!-- \/wp:paragraph -->\r\n\r\n<!-- wp:quote -->\r\n<blockquote class=\"wp-block-quote\"><p>\u00a1Bienvenido! Soy camarero de d\u00eda, aspirante a actor de noche y esta es mi web. Vivo en Mairena del Alcor, tengo un perro que se llama Firulais y me gusta el rebujito. (Y las tardes largas con caf\u00e9).<\/p><\/blockquote>\r\n<!-- \/wp:quote -->\r\n\r\n<!-- wp:paragraph -->\r\n<p>\u2026o algo as\u00ed:<\/p>\r\n<!-- \/wp:paragraph -->\r\n\r\n<!-- wp:quote -->\r\n<blockquote class=\"wp-block-quote\"><p>La empresa \u00abMariscos Recio\u00bb fue fundada por Antonio Recio Mata. Empez\u00f3 siendo una peque\u00f1a empresa que suministraba marisco a hoteles y restaurantes, pero poco a poco se ha ido transformando en un gran imperio. Mariscos Recio, el mar al mejor precio.<\/p><\/blockquote>\r\n<!-- \/wp:quote -->\r\n\r\n<!-- wp:paragraph -->\r\n<p>Como nuevo usuario de WordPress, deber\u00edas ir a <a href=\"http:\/\/roncal-erronkari.es\/wp-admin\/\">tu escritorio<\/a> para borrar esta p\u00e1gina y crear nuevas p\u00e1ginas para tu contenido. \u00a1P\u00e1salo bien!<\/p>\r\n<!-- \/wp:paragraph -->","_et_gb_content_width":"1100","footnotes":""},"class_list":["post-485","page","type-page","status-publish","hentry"],"_links":{"self":[{"href":"https:\/\/roncal-erronkari.es\/eu\/wp-json\/wp\/v2\/pages\/485","targetHints":{"allow":["GET"]}}],"collection":[{"href":"https:\/\/roncal-erronkari.es\/eu\/wp-json\/wp\/v2\/pages"}],"about":[{"href":"https:\/\/roncal-erronkari.es\/eu\/wp-json\/wp\/v2\/types\/page"}],"author":[{"embeddable":true,"href":"https:\/\/roncal-erronkari.es\/eu\/wp-json\/wp\/v2\/users\/1"}],"replies":[{"embeddable":true,"href":"https:\/\/roncal-erronkari.es\/eu\/wp-json\/wp\/v2\/comments?post=485"}],"version-history":[{"count":2,"href":"https:\/\/roncal-erronkari.es\/eu\/wp-json\/wp\/v2\/pages\/485\/revisions"}],"predecessor-version":[{"id":494,"href":"https:\/\/roncal-erronkari.es\/eu\/wp-json\/wp\/v2\/pages\/485\/revisions\/494"}],"wp:attachment":[{"href":"https:\/\/roncal-erronkari.es\/eu\/wp-json\/wp\/v2\/media?parent=485"}],"curies":[{"name":"wp","href":"https:\/\/api.w.org\/{rel}","templated":true}]}}